{"id":5,"date":"2021-03-12T16:32:27","date_gmt":"2021-03-12T16:32:27","guid":{"rendered":"https:\/\/praxiskiss.ch\/?page_id=5"},"modified":"2025-10-20T09:44:54","modified_gmt":"2025-10-20T09:44:54","slug":"praxis-kiss","status":"publish","type":"page","link":"https:\/\/praxiskiss.ch\/","title":{"rendered":"Oliver Kiss"},"content":{"rendered":"\n<figure class=\"wp-block-image size-large\"><img loading=\"lazy\" decoding=\"async\" width=\"1024\" height=\"683\" src=\"https:\/\/praxiskiss.ch\/wp-content\/uploads\/2021\/03\/PHD_5494-1024x683.jpg\" alt=\"\" class=\"wp-image-6\" srcset=\"https:\/\/praxiskiss.ch\/wp-content\/uploads\/2021\/03\/PHD_5494-1024x683.jpg 1024w, https:\/\/praxiskiss.ch\/wp-content\/uploads\/2021\/03\/PHD_5494-300x200.jpg 300w, https:\/\/praxiskiss.ch\/wp-content\/uploads\/2021\/03\/PHD_5494-768x512.jpg 768w, https:\/\/praxiskiss.ch\/wp-content\/uploads\/2021\/03\/PHD_5494.jpg 1200w\" sizes=\"auto, (max-width: 1024px) 100vw, 1024px\" \/><\/figure>\n\n\n\n<p>Ich arbeite seit 2005 in unterschiedlichen Beratungs- und Therapiekontexten. So war ich u.a. t\u00e4tig in der Opferhilfe, in der Einzel-, Paar- und Familienberatung oder in der psychosomatischen Klinik (sysTelios). In Basel (hauptberuflich) und Berlin (sehr kleines Pensum) arbeite ich in selbst\u00e4ndiger Praxis als Psychotherapeut, Gruppentherapeut, Coach, Berater, Supervisor sowie als Dozent. Nebst einer Ausbildung als systemisch-l\u00f6sungsorientierter Einzel-, Paar- und Familientherapeut, verf\u00fcge ich u.a. auch \u00fcber einen Abschluss als Kinder- und Jugendlichentherapeuten, Paartherapeuten, Sexualtherapeuten, Klinischer-Hypnose, Ego State Therapie, Multifamilientherapie, Traumatherapie, Psychoonkologie sowie in K\u00f6rperpsychotherapie. Ich arbeite mit unterschiedlichen Techniken &amp; Tools, unter anderem auch sehr gerne mit Brainspotting, was f\u00fcr mich weit mehr als &#8222;nur&#8220; eine Technik \/ ein Tool ist. Nebst meiner Anerkennung als Eidg. anerk. Psychotherapeut verf\u00fcge ich auch \u00fcber einen Abschluss als Sozialarbeiter FH sowie Speditionsfachmann (Eidg. FA).<\/p>\n\n\n\n<p><a href=\"https:\/\/praxiskiss.ch\/?page_id=25\">Kontakt<\/a><\/p>\n\n\n\n<p><\/p>\n","protected":false},"excerpt":{"rendered":"<p>Ich arbeite seit 2005 in unterschiedlichen Beratungs- und Therapiekontexten. So war ich u.a. t\u00e4tig in der Opferhilfe, in der Einzel-, Paar- und Familienberatung oder in der psychosomatischen Klinik (sysTelios). In Basel (hauptberuflich) und Berlin (sehr kleines Pensum) arbeite ich in selbst\u00e4ndiger Praxis als Psychotherapeut, Gruppentherapeut, Coach, Berater, Supervisor sowie als Dozent. Nebst einer Ausbildung als [&hellip;]<\/p>\n","protected":false},"author":1,"featured_media":0,"parent":0,"menu_order":0,"comment_status":"closed","ping_status":"closed","template":"","meta":{"footnotes":""},"class_list":["post-5","page","type-page","status-publish","hentry","entry"],"_links":{"self":[{"href":"https:\/\/praxiskiss.ch\/index.php?rest_route=\/wp\/v2\/pages\/5","targetHints":{"allow":["GET"]}}],"collection":[{"href":"https:\/\/praxiskiss.ch\/index.php?rest_route=\/wp\/v2\/pages"}],"about":[{"href":"https:\/\/praxiskiss.ch\/index.php?rest_route=\/wp\/v2\/types\/page"}],"author":[{"embeddable":true,"href":"https:\/\/praxiskiss.ch\/index.php?rest_route=\/wp\/v2\/users\/1"}],"replies":[{"embeddable":true,"href":"https:\/\/praxiskiss.ch\/index.php?rest_route=%2Fwp%2Fv2%2Fcomments&post=5"}],"version-history":[{"count":16,"href":"https:\/\/praxiskiss.ch\/index.php?rest_route=\/wp\/v2\/pages\/5\/revisions"}],"predecessor-version":[{"id":67,"href":"https:\/\/praxiskiss.ch\/index.php?rest_route=\/wp\/v2\/pages\/5\/revisions\/67"}],"wp:attachment":[{"href":"https:\/\/praxiskiss.ch\/index.php?rest_route=%2Fwp%2Fv2%2Fmedia&parent=5"}],"curies":[{"name":"wp","href":"https:\/\/api.w.org\/{rel}","templated":true}]}}